{"id":959,"date":"2016-07-15T14:20:26","date_gmt":"2016-07-15T14:20:26","guid":{"rendered":"http:\/\/test.kriesi.at\/enfold-medical\/?page_id=959"},"modified":"2022-09-07T09:13:50","modified_gmt":"2022-09-07T12:13:50","slug":"ojetivos-y-plan-estrategico","status":"publish","type":"page","link":"https:\/\/www.opge.org\/?page_id=959","title":{"rendered":"Objetivos y Plan Estrat\u00e9gico"},"content":{"rendered":"<div id='av-layout-grid-1'  class='av-layout-grid-container av-4m8v7r-28434323fe7acc9d345544262329aef9 entry-content-wrapper main_color av-flex-cells  avia-builder-el-0  el_before_av_section  avia-builder-el-first   container_wrap sidebar_right'  >\n\n<style type=\"text\/css\" data-created_by=\"avia_inline_auto\" id=\"style-css-av-4dyarb-feedc6ee6a82d7e33b6a21f257eda867\">\n.flex_cell.av-4dyarb-feedc6ee6a82d7e33b6a21f257eda867{\nvertical-align:middle;\nheight:400px;\nmin-height:400px;\nbackground-color:#22689e;\n}\n.responsive #top #wrap_all .flex_cell.av-4dyarb-feedc6ee6a82d7e33b6a21f257eda867{\npadding:80px 80px 80px 80px !important;\n}\n<\/style>\n<div class='flex_cell av-4dyarb-feedc6ee6a82d7e33b6a21f257eda867 av-gridrow-cell av_one_half no_margin  avia-builder-el-1  el_before_av_cell_one_half  avia-builder-el-first  avia-full-stretch' ><div class='flex_cell_inner'><p>\n<style type=\"text\/css\" data-created_by=\"avia_inline_auto\" id=\"style-css-av-48567j-219a2beaf2f1c93ebe9f3476a944ea69\">\n#top .av-special-heading.av-48567j-219a2beaf2f1c93ebe9f3476a944ea69{\npadding-bottom:25px;\ncolor:#ffffff;\nfont-size:34px;\n}\nbody .av-special-heading.av-48567j-219a2beaf2f1c93ebe9f3476a944ea69 .av-special-heading-tag .heading-char{\nfont-size:25px;\n}\n#top #wrap_all .av-special-heading.av-48567j-219a2beaf2f1c93ebe9f3476a944ea69 .av-special-heading-tag{\nfont-size:34px;\n}\n.av-special-heading.av-48567j-219a2beaf2f1c93ebe9f3476a944ea69 .special-heading-inner-border{\nborder-color:#ffffff;\n}\n.av-special-heading.av-48567j-219a2beaf2f1c93ebe9f3476a944ea69 .av-subheading{\nfont-size:15px;\n}\n\n@media only screen and (min-width: 480px) and (max-width: 767px){ \n#top #wrap_all .av-special-heading.av-48567j-219a2beaf2f1c93ebe9f3476a944ea69 .av-special-heading-tag{\nfont-size:0.8em;\n}\n}\n\n@media only screen and (max-width: 479px){ \n#top #wrap_all .av-special-heading.av-48567j-219a2beaf2f1c93ebe9f3476a944ea69 .av-special-heading-tag{\nfont-size:0.8em;\n}\n}\n<\/style>\n<div  class='av-special-heading av-48567j-219a2beaf2f1c93ebe9f3476a944ea69 av-special-heading-h3 custom-color-heading blockquote modern-quote  avia-builder-el-2  el_before_av_textblock  avia-builder-el-first  av-inherit-size'><h3 class='av-special-heading-tag'  itemprop=\"headline\"  >Objetivos y Plan Estrat\u00e9gico<\/h3><div class='av_custom_color av-subheading av-subheading_below'><p>Nuestra Misi\u00f3n<\/p>\n<\/div><div class=\"special-heading-border\"><div class=\"special-heading-inner-border\"><\/div><\/div><\/div><br \/>\n\n<style type=\"text\/css\" data-created_by=\"avia_inline_auto\" id=\"style-css-av-43frfz-564ecf2b13fdd53a4c34c1e30ea00631\">\n#top .av_textblock_section.av-43frfz-564ecf2b13fdd53a4c34c1e30ea00631 .avia_textblock{\ncolor:#ffffff;\n}\n<\/style>\n<section  class='av_textblock_section av-43frfz-564ecf2b13fdd53a4c34c1e30ea00631'  itemscope=\"itemscope\" itemtype=\"https:\/\/schema.org\/CreativeWork\" ><div class='avia_textblock av_inherit_color'  itemprop=\"text\" ><p>OPGE, organizaci\u00f3n integrada por las Sociedades americanas de la especialidad, que tiene la misi\u00f3n de promover el avance en la ciencia y en la pr\u00e1ctica de la Gastroenterolog\u00eda en todo el continente, con el objetivo de mejorar la calidad de vida de nuestros pacientes.<\/p>\n<\/div><\/section><\/p>\n<\/div><\/div>\n<style type=\"text\/css\" data-created_by=\"avia_inline_auto\" id=\"style-css-av-3ugptb-bb34c3b5d010272e3b78077e92948ffa\">\n.flex_cell.av-3ugptb-bb34c3b5d010272e3b78077e92948ffa{\nvertical-align:middle;\nheight:400px;\nmin-height:400px;\nbackground:url(https:\/\/www.opge.org\/wp-content\/uploads\/2022\/08\/opge2-e1504270159749.png) 50% 50% no-repeat scroll #22689e;\n}\n.responsive #top #wrap_all .flex_cell.av-3ugptb-bb34c3b5d010272e3b78077e92948ffa{\npadding:0px 0px 0px 0px !important;\n}\n<\/style>\n<div class='flex_cell av-3ugptb-bb34c3b5d010272e3b78077e92948ffa av-gridrow-cell av_one_half no_margin  avia-builder-el-4  el_after_av_cell_one_half  avia-builder-el-last  av-zero-padding avia-full-stretch' ><div class='flex_cell_inner'><\/div><\/div><\/div><div id='av_section_1'  class='avia-section av-3nq2h3-afb1314d965a17b6a50777e378160c4c main_color avia-section-large avia-no-border-styling  avia-builder-el-5  el_after_av_layout_row  avia-builder-el-last  avia-bg-style-scroll container_wrap sidebar_right'  ><div class='container av-section-cont-open' ><div class='template-page content  av-content-small alpha units'><div class='post-entry post-entry-type-page post-entry-959'><div class='entry-content-wrapper clearfix'>\n\n<style type=\"text\/css\" data-created_by=\"avia_inline_auto\" id=\"style-css-av-2kp3rr-af1705f3b739fbc93209589ea4e330ae\">\n.flex_column.av-2kp3rr-af1705f3b739fbc93209589ea4e330ae{\n-webkit-border-radius:0px 0px 0px 0px;\n-moz-border-radius:0px 0px 0px 0px;\nborder-radius:0px 0px 0px 0px;\npadding:0px 0px 0px 0px;\n}\n<\/style>\n<div class='flex_column av-2kp3rr-af1705f3b739fbc93209589ea4e330ae av_one_full  avia-builder-el-6  avia-builder-el-no-sibling  first flex_column_div av-animated-generic bottom-to-top av-zero-column-padding '     ><p>\n<style type=\"text\/css\" data-created_by=\"avia_inline_auto\" id=\"style-css-av-l6vmru1c-d53c963ab324b77e51552c12273288dc\">\n#top .av-special-heading.av-l6vmru1c-d53c963ab324b77e51552c12273288dc{\npadding-bottom:10px;\n}\nbody .av-special-heading.av-l6vmru1c-d53c963ab324b77e51552c12273288dc .av-special-heading-tag .heading-char{\nfont-size:25px;\n}\n.av-special-heading.av-l6vmru1c-d53c963ab324b77e51552c12273288dc .av-subheading{\nfont-size:15px;\n}\n<\/style>\n<div  class='av-special-heading av-l6vmru1c-d53c963ab324b77e51552c12273288dc av-special-heading-h2 blockquote modern-quote  avia-builder-el-7  el_before_av_hr  avia-builder-el-first '><h2 class='av-special-heading-tag'  itemprop=\"headline\"  >Objetivos<\/h2><div class=\"special-heading-border\"><div class=\"special-heading-inner-border\"><\/div><\/div><\/div><br \/>\n<div  class='hr av-l6vmzbvz-6ad2c8b0a4ed6e5119cb8f9403926097 hr-default  avia-builder-el-8  el_after_av_heading  el_before_av_heading '><span class='hr-inner '><span class=\"hr-inner-style\"><\/span><\/span><\/div><br \/>\n\n<style type=\"text\/css\" data-created_by=\"avia_inline_auto\" id=\"style-css-av-l6vms2iw-025cb0eb8d3871a7977632e059c63380\">\n#top .av-special-heading.av-l6vms2iw-025cb0eb8d3871a7977632e059c63380{\npadding-bottom:10px;\n}\nbody .av-special-heading.av-l6vms2iw-025cb0eb8d3871a7977632e059c63380 .av-special-heading-tag .heading-char{\nfont-size:25px;\n}\n.av-special-heading.av-l6vms2iw-025cb0eb8d3871a7977632e059c63380 .av-subheading{\nfont-size:15px;\n}\n<\/style>\n<div  class='av-special-heading av-l6vms2iw-025cb0eb8d3871a7977632e059c63380 av-special-heading-h3 blockquote modern-quote  avia-builder-el-9  el_after_av_hr  el_before_av_textblock '><h3 class='av-special-heading-tag'  itemprop=\"headline\"  >1. Educaci\u00f3n<\/h3><div class=\"special-heading-border\"><div class=\"special-heading-inner-border\"><\/div><\/div><\/div><br \/>\n\n<style type=\"text\/css\" data-created_by=\"avia_inline_auto\" id=\"style-css-av-7znof-1c295b96ed3fba0033c57ded01e5d878\">\n#top .av_textblock_section.av-7znof-1c295b96ed3fba0033c57ded01e5d878 .avia_textblock{\nfont-size:16px;\n}\n<\/style>\n<section  class='av_textblock_section av-7znof-1c295b96ed3fba0033c57ded01e5d878'  itemscope=\"itemscope\" itemtype=\"https:\/\/schema.org\/CreativeWork\" ><div class='avia_textblock'  itemprop=\"text\" ><p><strong>Objetivo general:<\/strong> Promover la diseminaci\u00f3n de los conocimientos, investigaciones y nuevos desarrollos en la atenci\u00f3n de nuestros pacientes a trav\u00e9s de eventos presenciales y de medios electr\u00f3nicos (Educaci\u00f3n M\u00e9dica Continua).<\/p>\n<p><strong>a. Cursos a distancia<\/strong><strong>:<\/strong><\/p>\n<p>Desarrollar herramientas modernas y eficaces para satisfacer las necesidades de la ense\u00f1anza de la actualidad y del futuro (implementar y fortalecer el concepto de Cursos a Distancia, Casos Cl\u00ednicos Virtuales, etc.<\/p>\n<p><strong>b. Evaluaciones \u2013 Test de conocimientos \u2013 <\/strong><strong>Trivias<\/strong><\/p>\n<p>Ayudar a los paises-miembros de OPGE en sus intenciones educativas a trav\u00e9s del apoyo ; ofrecer desde la Asociaci\u00f3n las plataformas virtuales para mejorar la difusi\u00f3n, la exposici\u00f3n y las herramientas de evaluaci\u00f3n.<\/p>\n<p><strong>c. Participaci\u00f3n en los Congresos de la especialidad en paises de Am\u00e9rica:<\/strong><\/p>\n<p>Estimular la interacci\u00f3n entre OPGE y sus Sociedades-miembros para optimizar el contenido y la estructura de la ense\u00f1anza de postgrado.<\/p>\n<p>Desarrollar iniciativas de trabajo en ciencias y los cursos de formaci\u00f3n profesional en colaboraci\u00f3n con las instituciones cl\u00ednicas de mayor prestigio en Am\u00e9rica.<\/p>\n<p>Promover y aplicar el enfoque desde la Medicina Basada en la Evidencia y el concepto multidisciplinario en la ense\u00f1anza de postgrado.<\/p>\n<\/div><\/section><br \/>\n<div  class='hr av-l6vn0gos-c53701af20292f4bce907a9942584014 hr-default  avia-builder-el-11  el_after_av_textblock  el_before_av_heading '><span class='hr-inner '><span class=\"hr-inner-style\"><\/span><\/span><\/div><br \/>\n\n<style type=\"text\/css\" data-created_by=\"avia_inline_auto\" id=\"style-css-av-l6vn0o58-493b5c45ea1bdb4ddb93ee5527e77782\">\n#top .av-special-heading.av-l6vn0o58-493b5c45ea1bdb4ddb93ee5527e77782{\npadding-bottom:10px;\n}\nbody .av-special-heading.av-l6vn0o58-493b5c45ea1bdb4ddb93ee5527e77782 .av-special-heading-tag .heading-char{\nfont-size:25px;\n}\n.av-special-heading.av-l6vn0o58-493b5c45ea1bdb4ddb93ee5527e77782 .av-subheading{\nfont-size:15px;\n}\n<\/style>\n<div  class='av-special-heading av-l6vn0o58-493b5c45ea1bdb4ddb93ee5527e77782 av-special-heading-h3 blockquote modern-quote  avia-builder-el-12  el_after_av_hr  el_before_av_textblock '><h3 class='av-special-heading-tag'  itemprop=\"headline\"  >2. Publicaciones<\/h3><div class=\"special-heading-border\"><div class=\"special-heading-inner-border\"><\/div><\/div><\/div><br \/>\n\n<style type=\"text\/css\" data-created_by=\"avia_inline_auto\" id=\"style-css-av-l6vn0y1u-469307bc0e843c099583142a59f9550c\">\n#top .av_textblock_section.av-l6vn0y1u-469307bc0e843c099583142a59f9550c .avia_textblock{\nfont-size:16px;\n}\n<\/style>\n<section  class='av_textblock_section av-l6vn0y1u-469307bc0e843c099583142a59f9550c'  itemscope=\"itemscope\" itemtype=\"https:\/\/schema.org\/CreativeWork\" ><div class='avia_textblock'  itemprop=\"text\" ><ul>\n<li>Gu\u00edas<\/li>\n<li>Premio anual a la mejor publicaci\u00f3n de grupos de Am\u00e9rica<\/li>\n<\/ul>\n<\/div><\/section><br \/>\n<div  class='hr av-b151b-017b3e764bf59efc483b64e1697c380e hr-default  avia-builder-el-14  el_after_av_textblock  el_before_av_heading '><span class='hr-inner '><span class=\"hr-inner-style\"><\/span><\/span><\/div><br \/>\n\n<style type=\"text\/css\" data-created_by=\"avia_inline_auto\" id=\"style-css-av-l6vn1ga8-d7c817ecf9d6fa79a6389b070f6a4cda\">\n#top .av-special-heading.av-l6vn1ga8-d7c817ecf9d6fa79a6389b070f6a4cda{\npadding-bottom:10px;\n}\nbody .av-special-heading.av-l6vn1ga8-d7c817ecf9d6fa79a6389b070f6a4cda .av-special-heading-tag .heading-char{\nfont-size:25px;\n}\n.av-special-heading.av-l6vn1ga8-d7c817ecf9d6fa79a6389b070f6a4cda .av-subheading{\nfont-size:15px;\n}\n<\/style>\n<div  class='av-special-heading av-l6vn1ga8-d7c817ecf9d6fa79a6389b070f6a4cda av-special-heading-h3 blockquote modern-quote  avia-builder-el-15  el_after_av_hr  el_before_av_image '><h3 class='av-special-heading-tag'  itemprop=\"headline\"  >3. Realizar Acuerdos con Otras Organizaciones<\/h3><div class=\"special-heading-border\"><div class=\"special-heading-inner-border\"><\/div><\/div><\/div><br \/>\n\n<style type=\"text\/css\" data-created_by=\"avia_inline_auto\" id=\"style-css-av-l6vn292c-633c043a3b250159521c82df6e08daff\">\n.avia-image-container.av-l6vn292c-633c043a3b250159521c82df6e08daff img.avia_image{\nbox-shadow:none;\n}\n.avia-image-container.av-l6vn292c-633c043a3b250159521c82df6e08daff .av-image-caption-overlay-center{\ncolor:#ffffff;\n}\n<\/style>\n<div  class='avia-image-container av-l6vn292c-633c043a3b250159521c82df6e08daff av-styling- avia-align-center  avia-builder-el-16  el_after_av_heading  el_before_av_hr '   itemprop=\"image\" itemscope=\"itemscope\" itemtype=\"https:\/\/schema.org\/ImageObject\" ><div class=\"avia-image-container-inner\"><div class=\"avia-image-overlay-wrap\"><img fetchpriority=\"high\" fetchpriority=\"high\" decoding=\"async\" class='wp-image-1234 avia-img-lazy-loading-not-1234 avia_image ' src=\"https:\/\/www.opge.org\/wp-content\/uploads\/2022\/08\/logos_objetivos.jpg\" alt='' title='logos_objetivos'  height=\"1319\" width=\"1100\"  itemprop=\"thumbnailUrl\" srcset=\"https:\/\/www.opge.org\/wp-content\/uploads\/2022\/08\/logos_objetivos.jpg 1100w, https:\/\/www.opge.org\/wp-content\/uploads\/2022\/08\/logos_objetivos-250x300.jpg 250w, https:\/\/www.opge.org\/wp-content\/uploads\/2022\/08\/logos_objetivos-859x1030.jpg 859w, https:\/\/www.opge.org\/wp-content\/uploads\/2022\/08\/logos_objetivos-768x921.jpg 768w, https:\/\/www.opge.org\/wp-content\/uploads\/2022\/08\/logos_objetivos-588x705.jpg 588w\" sizes=\"(max-width: 1100px) 100vw, 1100px\" \/><\/div><\/div><\/div><br \/>\n<div  class='hr av-jkmhb-34496ed58024e076fc4e58c9cdd6b0db hr-default  avia-builder-el-17  el_after_av_image  el_before_av_heading '><span class='hr-inner '><span class=\"hr-inner-style\"><\/span><\/span><\/div><br \/>\n\n<style type=\"text\/css\" data-created_by=\"avia_inline_auto\" id=\"style-css-av-l6vn7m80-eeb9f4bea6e7fbdfd12577405c4b2b78\">\n#top .av-special-heading.av-l6vn7m80-eeb9f4bea6e7fbdfd12577405c4b2b78{\npadding-bottom:10px;\n}\nbody .av-special-heading.av-l6vn7m80-eeb9f4bea6e7fbdfd12577405c4b2b78 .av-special-heading-tag .heading-char{\nfont-size:25px;\n}\n.av-special-heading.av-l6vn7m80-eeb9f4bea6e7fbdfd12577405c4b2b78 .av-subheading{\nfont-size:15px;\n}\n<\/style>\n<div  class='av-special-heading av-l6vn7m80-eeb9f4bea6e7fbdfd12577405c4b2b78 av-special-heading-h3 blockquote modern-quote  avia-builder-el-18  el_after_av_hr  el_before_av_textblock '><h3 class='av-special-heading-tag'  itemprop=\"headline\"  >4. J\u00f3venes Gastroenter\u00f3logos: Becas, Incentivos, Premios:<\/h3><div class=\"special-heading-border\"><div class=\"special-heading-inner-border\"><\/div><\/div><\/div><br \/>\n<section  class='av_textblock_section av-l6vn8nax-424b13873bc873db2863a6ea78676b08'  itemscope=\"itemscope\" itemtype=\"https:\/\/schema.org\/CreativeWork\" ><div class='avia_textblock'  itemprop=\"text\" ><p>Revitalizar el Programa de Becas ofrecidas por OPGE, que de esta manera, permitan ofrecer oportunidades a los j\u00f3venes gastroenter\u00f3logos de nuestro continente para su formaci\u00f3n en Cl\u00ednica e Investigaci\u00f3n.<\/p>\n<p>Estimular la creaci\u00f3n de redes con fines de investigaci\u00f3n, educaci\u00f3n y de asistencia, que abarquen a toda Am\u00e9rica con base en OPGE.<\/p>\n<p>Producir un Programa Cient\u00edfico de primer nivel en los eventos presenciales y virtuales a desarrollar.<\/p>\n<p>Promover programas de becas de alta calidad y premios a la investigaci\u00f3n.<\/p>\n<\/div><\/section><br \/>\n<div  class='hr av-g9ayf-25e0bf88308976c53986d9598222fa00 hr-default  avia-builder-el-20  el_after_av_textblock  el_before_av_heading '><span class='hr-inner '><span class=\"hr-inner-style\"><\/span><\/span><\/div><br \/>\n\n<style type=\"text\/css\" data-created_by=\"avia_inline_auto\" id=\"style-css-av-l6vn9bal-219b584bd0ef5d1d79512f25206cd476\">\n#top .av-special-heading.av-l6vn9bal-219b584bd0ef5d1d79512f25206cd476{\npadding-bottom:10px;\n}\nbody .av-special-heading.av-l6vn9bal-219b584bd0ef5d1d79512f25206cd476 .av-special-heading-tag .heading-char{\nfont-size:25px;\n}\n.av-special-heading.av-l6vn9bal-219b584bd0ef5d1d79512f25206cd476 .av-subheading{\nfont-size:15px;\n}\n<\/style>\n<div  class='av-special-heading av-l6vn9bal-219b584bd0ef5d1d79512f25206cd476 av-special-heading-h3 blockquote modern-quote  avia-builder-el-21  el_after_av_hr  el_before_av_hr '><h3 class='av-special-heading-tag'  itemprop=\"headline\"  >5. Promover actividades en Centros de referencia de Gastroenterolog\u00eda<\/h3><div class=\"special-heading-border\"><div class=\"special-heading-inner-border\"><\/div><\/div><\/div><br \/>\n<div  class='hr av-9v35b-8e2849c39bb82f4c4889fdb13130f67c hr-default  avia-builder-el-22  el_after_av_heading  el_before_av_heading '><span class='hr-inner '><span class=\"hr-inner-style\"><\/span><\/span><\/div><br \/>\n\n<style type=\"text\/css\" data-created_by=\"avia_inline_auto\" id=\"style-css-av-l6vn9u70-06698ee444dbc4cee23d79f854f4ab1c\">\n#top .av-special-heading.av-l6vn9u70-06698ee444dbc4cee23d79f854f4ab1c{\npadding-bottom:10px;\n}\nbody .av-special-heading.av-l6vn9u70-06698ee444dbc4cee23d79f854f4ab1c .av-special-heading-tag .heading-char{\nfont-size:25px;\n}\n.av-special-heading.av-l6vn9u70-06698ee444dbc4cee23d79f854f4ab1c .av-subheading{\nfont-size:15px;\n}\n<\/style>\n<div  class='av-special-heading av-l6vn9u70-06698ee444dbc4cee23d79f854f4ab1c av-special-heading-h3 blockquote modern-quote  avia-builder-el-23  el_after_av_hr  el_before_av_textblock '><h3 class='av-special-heading-tag'  itemprop=\"headline\"  >6. Industria<\/h3><div class=\"special-heading-border\"><div class=\"special-heading-inner-border\"><\/div><\/div><\/div><br \/>\n<section  class='av_textblock_section av-l6vna6qk-005cde49a6b1dd689d4d659de652603a'  itemscope=\"itemscope\" itemtype=\"https:\/\/schema.org\/CreativeWork\" ><div class='avia_textblock'  itemprop=\"text\" ><p>Optimizar el relacionamiento con la Industria Farmac\u00e9utica dentro de los preceptos \u00e9ticos correspondientes.<\/p>\n<\/div><\/section><\/p><\/div>\n<\/div><\/div><\/div><!-- close content main div --><\/div><\/div><div id='after_section_1'  class='main_color av_default_container_wrap container_wrap sidebar_right'  ><div class='container av-section-cont-open' ><div class='template-page content  av-content-small alpha units'><div class='post-entry post-entry-type-page post-entry-959'><div class='entry-content-wrapper clearfix'><\/p>\n","protected":false},"excerpt":{"rendered":"","protected":false},"author":1,"featured_media":0,"parent":0,"menu_order":0,"comment_status":"closed","ping_status":"closed","template":"","meta":{"_monsterinsights_skip_tracking":false,"_monsterinsights_sitenote_active":false,"_monsterinsights_sitenote_note":"","_monsterinsights_sitenote_category":0,"footnotes":""},"class_list":["post-959","page","type-page","status-publish","hentry"],"aioseo_notices":[],"_links":{"self":[{"href":"https:\/\/www.opge.org\/index.php?rest_route=\/wp\/v2\/pages\/959","targetHints":{"allow":["GET"]}}],"collection":[{"href":"https:\/\/www.opge.org\/index.php?rest_route=\/wp\/v2\/pages"}],"about":[{"href":"https:\/\/www.opge.org\/index.php?rest_route=\/wp\/v2\/types\/page"}],"author":[{"embeddable":true,"href":"https:\/\/www.opge.org\/index.php?rest_route=\/wp\/v2\/users\/1"}],"replies":[{"embeddable":true,"href":"https:\/\/www.opge.org\/index.php?rest_route=%2Fwp%2Fv2%2Fcomments&post=959"}],"version-history":[{"count":9,"href":"https:\/\/www.opge.org\/index.php?rest_route=\/wp\/v2\/pages\/959\/revisions"}],"predecessor-version":[{"id":2240,"href":"https:\/\/www.opge.org\/index.php?rest_route=\/wp\/v2\/pages\/959\/revisions\/2240"}],"wp:attachment":[{"href":"https:\/\/www.opge.org\/index.php?rest_route=%2Fwp%2Fv2%2Fmedia&parent=959"}],"curies":[{"name":"wp","href":"https:\/\/api.w.org\/{rel}","templated":true}]}}