{"id":950,"date":"2016-07-15T14:19:20","date_gmt":"2016-07-15T14:19:20","guid":{"rendered":"http:\/\/test.kriesi.at\/enfold-medical\/?page_id=950"},"modified":"2022-08-15T00:41:33","modified_gmt":"2022-08-15T03:41:33","slug":"quienes-somos","status":"publish","type":"page","link":"https:\/\/www.opge.org\/?page_id=950","title":{"rendered":"\u00bfQui\u00e9nes somos?"},"content":{"rendered":"<div id='av-layout-grid-1'  class='av-layout-grid-container av-li73q-79d19a63aac60fb5ec0085e1c885b65f entry-content-wrapper main_color av-flex-cells  avia-builder-el-0  el_before_av_section  avia-builder-el-first   container_wrap sidebar_right'  >\n\n<style type=\"text\/css\" data-created_by=\"avia_inline_auto\" id=\"style-css-av-5wbimm-872e89846f5ed444efdf7d8787675ab9\">\n.flex_cell.av-5wbimm-872e89846f5ed444efdf7d8787675ab9{\nvertical-align:middle;\nheight:400px;\nmin-height:400px;\nbackground-color:#22689e;\n}\n.responsive #top #wrap_all .flex_cell.av-5wbimm-872e89846f5ed444efdf7d8787675ab9{\npadding:80px 80px 80px 80px !important;\n}\n<\/style>\n<div class='flex_cell av-5wbimm-872e89846f5ed444efdf7d8787675ab9 av-gridrow-cell av_one_half no_margin  avia-builder-el-1  el_before_av_cell_one_half  avia-builder-el-first  avia-full-stretch' ><div class='flex_cell_inner'><p>\n<style type=\"text\/css\" data-created_by=\"avia_inline_auto\" id=\"style-css-av-5n1hxq-73e0051d2f3339a1a4f7b3bf450c2377\">\n#top .av-special-heading.av-5n1hxq-73e0051d2f3339a1a4f7b3bf450c2377{\npadding-bottom:25px;\ncolor:#ffffff;\nfont-size:34px;\n}\nbody .av-special-heading.av-5n1hxq-73e0051d2f3339a1a4f7b3bf450c2377 .av-special-heading-tag .heading-char{\nfont-size:25px;\n}\n#top #wrap_all .av-special-heading.av-5n1hxq-73e0051d2f3339a1a4f7b3bf450c2377 .av-special-heading-tag{\nfont-size:34px;\n}\n.av-special-heading.av-5n1hxq-73e0051d2f3339a1a4f7b3bf450c2377 .special-heading-inner-border{\nborder-color:#ffffff;\n}\n.av-special-heading.av-5n1hxq-73e0051d2f3339a1a4f7b3bf450c2377 .av-subheading{\nfont-size:15px;\n}\n\n@media only screen and (min-width: 480px) and (max-width: 767px){ \n#top #wrap_all .av-special-heading.av-5n1hxq-73e0051d2f3339a1a4f7b3bf450c2377 .av-special-heading-tag{\nfont-size:0.8em;\n}\n}\n\n@media only screen and (max-width: 479px){ \n#top #wrap_all .av-special-heading.av-5n1hxq-73e0051d2f3339a1a4f7b3bf450c2377 .av-special-heading-tag{\nfont-size:0.8em;\n}\n}\n<\/style>\n<div  class='av-special-heading av-5n1hxq-73e0051d2f3339a1a4f7b3bf450c2377 av-special-heading-h3 custom-color-heading blockquote modern-quote  avia-builder-el-2  el_before_av_textblock  avia-builder-el-first  av-inherit-size'><div class='av_custom_color av-subheading av-subheading_above'><p>Sobre la Opge<\/p>\n<\/div><h3 class='av-special-heading-tag'  itemprop=\"headline\"  >\u00bfQui\u00e9nes somos?<\/h3><div class=\"special-heading-border\"><div class=\"special-heading-inner-border\"><\/div><\/div><\/div><br \/>\n\n<style type=\"text\/css\" data-created_by=\"avia_inline_auto\" id=\"style-css-av-5hq2qe-4f12e458e376749599e065e1c644f561\">\n#top .av_textblock_section.av-5hq2qe-4f12e458e376749599e065e1c644f561 .avia_textblock{\nfont-size:18px;\ncolor:#ffffff;\n}\n<\/style>\n<section  class='av_textblock_section av-5hq2qe-4f12e458e376749599e065e1c644f561'  itemscope=\"itemscope\" itemtype=\"https:\/\/schema.org\/CreativeWork\" ><div class='avia_textblock av_inherit_color'  itemprop=\"text\" ><p>La Organizaci\u00f3n Panamericana de Gastroenterolog\u00eda (OPGE) es una entidad cient\u00edfica cuya misi\u00f3n es promover el desarrollo de la Gastroenterolog\u00eda en los pa\u00edses de Am\u00e9rica en el m\u00e1s amplio de los sentidos.<\/p>\n<\/div><\/section><\/p>\n<\/div><\/div>\n<style type=\"text\/css\" data-created_by=\"avia_inline_auto\" id=\"style-css-av-5cyqiu-23aaab6876881f9d601d6892ee61b865\">\n.flex_cell.av-5cyqiu-23aaab6876881f9d601d6892ee61b865{\nvertical-align:middle;\nheight:400px;\nmin-height:400px;\nbackground:url(https:\/\/www.opge.org\/wp-content\/uploads\/2022\/08\/opge-e1504270100613.png) 50% 50% no-repeat scroll #22689e;\n}\n.responsive #top #wrap_all .flex_cell.av-5cyqiu-23aaab6876881f9d601d6892ee61b865{\npadding:80px 80px 80px 80px !important;\n}\n<\/style>\n<div class='flex_cell av-5cyqiu-23aaab6876881f9d601d6892ee61b865 av-gridrow-cell av_one_half no_margin  avia-builder-el-4  el_after_av_cell_one_half  avia-builder-el-last  avia-full-stretch' ><div class='flex_cell_inner'><\/div><\/div>\n<\/div>\n<div id='av_section_1'  class='avia-section av-3rjirq-eae0d5c4d36e290c848628a2be965bdf main_color avia-section-large avia-no-border-styling  avia-builder-el-5  el_after_av_layout_row  avia-builder-el-last  avia-bg-style-scroll container_wrap sidebar_right'  ><div class='container av-section-cont-open' ><div class='template-page content  av-content-small alpha units'><div class='post-entry post-entry-type-page post-entry-950'><div class='entry-content-wrapper clearfix'>\n\n<style type=\"text\/css\" data-created_by=\"avia_inline_auto\" id=\"style-css-av-3l4xue-c4d9e62ff21eab10314c6f3d98be9cb0\">\n.flex_column.av-3l4xue-c4d9e62ff21eab10314c6f3d98be9cb0{\n-webkit-border-radius:0px 0px 0px 0px;\n-moz-border-radius:0px 0px 0px 0px;\nborder-radius:0px 0px 0px 0px;\npadding:0px 0px 0px 0px;\n}\n<\/style>\n<div class='flex_column av-3l4xue-c4d9e62ff21eab10314c6f3d98be9cb0 av_one_full  avia-builder-el-6  avia-builder-el-no-sibling  first flex_column_div av-animated-generic bottom-to-top av-zero-column-padding '     ><style type=\"text\/css\" data-created_by=\"avia_inline_auto\" id=\"style-css-av-39prdi-e8bdb9e529c2a77fcd4ccc86e0acdf8a\">\n#top .av_textblock_section.av-39prdi-e8bdb9e529c2a77fcd4ccc86e0acdf8a .avia_textblock{\nfont-size:16px;\n}\n<\/style>\n<section  class='av_textblock_section av-39prdi-e8bdb9e529c2a77fcd4ccc86e0acdf8a'  itemscope=\"itemscope\" itemtype=\"https:\/\/schema.org\/CreativeWork\" ><div class='avia_textblock'  itemprop=\"text\" ><p>Para el cumplimiento de sus objetivos, OPGE tiene una directiva conformada por especialistas de todas las Am\u00e9ricas, que mantiene la vitalidad y actividad de la organizaci\u00f3n, que enriquece las relaciones entre los pa\u00edses que la integran as\u00ed como entre iesta Instituci\u00f3n y otras similares de otros continentes, manteniendo fuertes v\u00ednculos con otras entidades cient\u00edficas y autoridades gubernamentales.<\/p>\n<p>En el cumplimiento de sus objetivos, OPGE realiza constantes tareas de difusi\u00f3n cient\u00edfica sobre la especialidad, a trav\u00e9s de diversos medios, organiza cada dos a\u00f1os el Congreso PANAMERICANO de Gastroenterolog\u00eda y apoya la actividad de las Sociedades de Gastroenterolog\u00eda DE CADA PAIS MIEMBRO. Para el fortalecer el cumplimiento de sus prop\u00f3sitos de actualizaci\u00f3n, difusi\u00f3n e integraci\u00f3n de los especialistas a nivel continental, y en estrecha relaci\u00f3n con el Comit\u00e9 de Educaci\u00f3n, Investigaci\u00f3n y \u00c9tica de la OPGE, el Comit\u00e9 de Publicaci\u00f3n de la OPGE produce este website para difundir la importante actividad de la especialidad en la regi\u00f3n.<\/p>\n<\/div><\/section><\/div>\n<\/div><\/div><\/div><!-- close content main div --><\/div><\/div><div id='after_section_1'  class='main_color av_default_container_wrap container_wrap sidebar_right'  ><div class='container av-section-cont-open' ><div class='template-page content  av-content-small alpha units'><div class='post-entry post-entry-type-page post-entry-950'><div class='entry-content-wrapper clearfix'>\n","protected":false},"excerpt":{"rendered":"","protected":false},"author":1,"featured_media":0,"parent":0,"menu_order":0,"comment_status":"closed","ping_status":"closed","template":"","meta":{"_monsterinsights_skip_tracking":false,"_monsterinsights_sitenote_active":false,"_monsterinsights_sitenote_note":"","_monsterinsights_sitenote_category":0,"footnotes":""},"class_list":["post-950","page","type-page","status-publish","hentry"],"aioseo_notices":[],"_links":{"self":[{"href":"https:\/\/www.opge.org\/index.php?rest_route=\/wp\/v2\/pages\/950","targetHints":{"allow":["GET"]}}],"collection":[{"href":"https:\/\/www.opge.org\/index.php?rest_route=\/wp\/v2\/pages"}],"about":[{"href":"https:\/\/www.opge.org\/index.php?rest_route=\/wp\/v2\/types\/page"}],"author":[{"embeddable":true,"href":"https:\/\/www.opge.org\/index.php?rest_route=\/wp\/v2\/users\/1"}],"replies":[{"embeddable":true,"href":"https:\/\/www.opge.org\/index.php?rest_route=%2Fwp%2Fv2%2Fcomments&post=950"}],"version-history":[{"count":4,"href":"https:\/\/www.opge.org\/index.php?rest_route=\/wp\/v2\/pages\/950\/revisions"}],"predecessor-version":[{"id":1159,"href":"https:\/\/www.opge.org\/index.php?rest_route=\/wp\/v2\/pages\/950\/revisions\/1159"}],"wp:attachment":[{"href":"https:\/\/www.opge.org\/index.php?rest_route=%2Fwp%2Fv2%2Fmedia&parent=950"}],"curies":[{"name":"wp","href":"https:\/\/api.w.org\/{rel}","templated":true}]}}