{"id":2064,"date":"2022-09-06T18:31:49","date_gmt":"2022-09-06T21:31:49","guid":{"rendered":"https:\/\/www.opge.org\/portal\/?page_id=2064"},"modified":"2022-09-06T18:36:09","modified_gmt":"2022-09-06T21:36:09","slug":"dr-juan-pablo-gutierrez","status":"publish","type":"page","link":"https:\/\/www.opge.org\/?page_id=2064","title":{"rendered":"Dr. Juan Pablo Guti\u00e9rrez"},"content":{"rendered":"\n<style type=\"text\/css\" data-created_by=\"avia_inline_auto\" id=\"style-css-av-l7qnaca7-54e02bee89ecb6379de275669e7952a8\">\n.avia-section.av-l7qnaca7-54e02bee89ecb6379de275669e7952a8{\nbackground-color:#5682b6;\nbackground-image:unset;\n}\n<\/style>\n<div id='av_section_1'  class='avia-section av-l7qnaca7-54e02bee89ecb6379de275669e7952a8 main_color avia-section-default avia-no-border-styling  avia-builder-el-0  el_before_av_one_third  avia-builder-el-first  avia-bg-style-scroll container_wrap sidebar_right'  ><div class='container av-section-cont-open' ><main  role=\"main\" itemprop=\"mainContentOfPage\"  class='template-page content  av-content-small alpha units'><div class='post-entry post-entry-type-page post-entry-2064'><div class='entry-content-wrapper clearfix'>\n\n<style type=\"text\/css\" data-created_by=\"avia_inline_auto\" id=\"style-css-av-l7qnbd0g-16924db671bb8d6956d5305dcfdfde23\">\n#top .av_textblock_section.av-l7qnbd0g-16924db671bb8d6956d5305dcfdfde23 .avia_textblock{\ncolor:#ffffff;\ntext-align:center;\n}\n<\/style>\n<section  class='av_textblock_section av-l7qnbd0g-16924db671bb8d6956d5305dcfdfde23'  itemscope=\"itemscope\" itemtype=\"https:\/\/schema.org\/CreativeWork\" ><div class='avia_textblock av_inherit_color'  itemprop=\"text\" ><h3 style=\"text-align: center;\">Dr. Juan Pablo Guti\u00e9rrez<\/h3>\n<\/div><\/section>\n<\/div><\/div><\/main><!-- close content main element --><\/div><\/div><div id='after_section_1'  class='main_color av_default_container_wrap container_wrap sidebar_right'  ><div class='container av-section-cont-open' ><div class='template-page content  av-content-small alpha units'><div class='post-entry post-entry-type-page post-entry-2064'><div class='entry-content-wrapper clearfix'><div class='flex_column av-3rn0mo-76116e4c7674b15da95480e642d9c612 av_one_third  avia-builder-el-2  el_after_av_section  el_before_av_two_third  avia-builder-el-first  first flex_column_div '     ><style type=\"text\/css\" data-created_by=\"avia_inline_auto\" id=\"style-css-av-l7qncdxw-f9560e0a8fbe9b678f91836cedba590e\">\n.avia-image-container.av-l7qncdxw-f9560e0a8fbe9b678f91836cedba590e img.avia_image{\nbox-shadow:none;\n}\n.avia-image-container.av-l7qncdxw-f9560e0a8fbe9b678f91836cedba590e .av-image-caption-overlay-center{\ncolor:#ffffff;\n}\n<\/style>\n<div  class='avia-image-container av-l7qncdxw-f9560e0a8fbe9b678f91836cedba590e av-styling- avia-align-center  avia-builder-el-3  avia-builder-el-no-sibling '   itemprop=\"image\" itemscope=\"itemscope\" itemtype=\"https:\/\/schema.org\/ImageObject\" ><div class=\"avia-image-container-inner\"><div class=\"avia-image-overlay-wrap\"><img fetchpriority=\"high\" fetchpriority=\"high\" decoding=\"async\" class='wp-image-1199 avia-img-lazy-loading-not-1199 avia_image ' src=\"https:\/\/www.opge.org\/wp-content\/uploads\/2022\/08\/gutierrez_2021_cort_2.jpg\" alt='' title='gutierrez_2021_cort_2'  height=\"264\" width=\"202\"  itemprop=\"thumbnailUrl\"  \/><\/div><\/div><\/div><\/div><div class='flex_column av-2cxbbk-e88e64956c553617b29404e5795621cd av_two_third  avia-builder-el-4  el_after_av_one_third  avia-builder-el-last  flex_column_div '     ><style type=\"text\/css\" data-created_by=\"avia_inline_auto\" id=\"style-css-av-l7qnctx1-2900acf9731b44a7e33ba0be7fb739e7\">\n#top .av_textblock_section.av-l7qnctx1-2900acf9731b44a7e33ba0be7fb739e7 .avia_textblock{\nfont-size:18px;\n}\n<\/style>\n<section  class='av_textblock_section av-l7qnctx1-2900acf9731b44a7e33ba0be7fb739e7'  itemscope=\"itemscope\" itemtype=\"https:\/\/schema.org\/CreativeWork\" ><div class='avia_textblock'  itemprop=\"text\" ><p>El Dr. Juan Pablo Guti\u00e9rrez Aguiar es M\u00e9dico Gastroenter\u00f3logo y Endoscop\u00edsta Digestivo, con formaci\u00f3n en endoscop\u00eda terap\u00e9utica avanzada en el Basil Hirschowitz Endoscopic Center, de la Universidad de Alabama. Actualmente trabaja en la Cl\u00ednica del Aparato Digestivo del Hospital Italiano de Montevideo en Uruguay. El Dr. Guti\u00e9rrez Aguiar fue Pro-secretario de la Organizaci\u00f3n Panamericana de Gastroenterolog\u00eda en el periodo 2018-2021 y es miembro del Young Members Committee de la Organizaci\u00f3n Mundial Gastroenterolog\u00eda, Tiene experiencia en publicaciones de la especialidad y es desde el a\u00f1o 2013 peer reviewer de la revista Endoscopy.<\/p>\n<\/div><\/section><\/div><\/p>\n","protected":false},"excerpt":{"rendered":"","protected":false},"author":1,"featured_media":0,"parent":0,"menu_order":0,"comment_status":"closed","ping_status":"closed","template":"","meta":{"_monsterinsights_skip_tracking":false,"_monsterinsights_sitenote_active":false,"_monsterinsights_sitenote_note":"","_monsterinsights_sitenote_category":0,"footnotes":""},"class_list":["post-2064","page","type-page","status-publish","hentry"],"aioseo_notices":[],"_links":{"self":[{"href":"https:\/\/www.opge.org\/index.php?rest_route=\/wp\/v2\/pages\/2064","targetHints":{"allow":["GET"]}}],"collection":[{"href":"https:\/\/www.opge.org\/index.php?rest_route=\/wp\/v2\/pages"}],"about":[{"href":"https:\/\/www.opge.org\/index.php?rest_route=\/wp\/v2\/types\/page"}],"author":[{"embeddable":true,"href":"https:\/\/www.opge.org\/index.php?rest_route=\/wp\/v2\/users\/1"}],"replies":[{"embeddable":true,"href":"https:\/\/www.opge.org\/index.php?rest_route=%2Fwp%2Fv2%2Fcomments&post=2064"}],"version-history":[{"count":2,"href":"https:\/\/www.opge.org\/index.php?rest_route=\/wp\/v2\/pages\/2064\/revisions"}],"predecessor-version":[{"id":2066,"href":"https:\/\/www.opge.org\/index.php?rest_route=\/wp\/v2\/pages\/2064\/revisions\/2066"}],"wp:attachment":[{"href":"https:\/\/www.opge.org\/index.php?rest_route=%2Fwp%2Fv2%2Fmedia&parent=2064"}],"curies":[{"name":"wp","href":"https:\/\/api.w.org\/{rel}","templated":true}]}}