{"id":1962,"date":"2022-09-05T17:45:11","date_gmt":"2022-09-05T20:45:11","guid":{"rendered":"https:\/\/www.opge.org\/portal\/?page_id=1962"},"modified":"2024-06-14T19:26:46","modified_gmt":"2024-06-14T22:26:46","slug":"cursos-online-2","status":"publish","type":"page","link":"https:\/\/www.opge.org\/?page_id=1962&lang=pt","title":{"rendered":"Cursos online"},"content":{"rendered":"<div id='av-layout-grid-1'  class='av-layout-grid-container av-9to24o-ee3d82b3f545b36bd37a41fdf864c57e entry-content-wrapper main_color av-flex-cells  avia-builder-el-0  el_before_av_one_third  avia-builder-el-first   container_wrap sidebar_right'  >\n\n<style type=\"text\/css\" data-created_by=\"avia_inline_auto\" id=\"style-css-av-9qpu20-91cfbc93890e01f2f3a4d076305dd211\">\n.flex_cell.av-9qpu20-91cfbc93890e01f2f3a4d076305dd211{\nvertical-align:middle;\nheight:400px;\nmin-height:400px;\nbackground:url(https:\/\/www.opge.org\/wp-content\/uploads\/2022\/09\/curso_online_Cab.jpg) 0% 0% no-repeat scroll #22689e;\n}\n.responsive #top #wrap_all .flex_cell.av-9qpu20-91cfbc93890e01f2f3a4d076305dd211{\npadding:0px 0px 0px 0px !important;\n}\n<\/style>\n<div class='flex_cell av-9qpu20-91cfbc93890e01f2f3a4d076305dd211 av-gridrow-cell av_one_half no_margin  avia-builder-el-1  el_before_av_cell_one_half  avia-builder-el-first  av-zero-padding avia-full-stretch' ><div class='flex_cell_inner'><\/div><\/div>\n<style type=\"text\/css\" data-created_by=\"avia_inline_auto\" id=\"style-css-av-ygtps-6022a04a076a4516c9fff10b281534db\">\n.flex_cell.av-ygtps-6022a04a076a4516c9fff10b281534db{\nvertical-align:middle;\nheight:400px;\nmin-height:400px;\nbackground-color:#22689e;\n}\n.responsive #top #wrap_all .flex_cell.av-ygtps-6022a04a076a4516c9fff10b281534db{\npadding:80px 80px 80px 80px !important;\n}\n<\/style>\n<div class='flex_cell av-ygtps-6022a04a076a4516c9fff10b281534db av-gridrow-cell av_one_half no_margin  avia-builder-el-2  el_after_av_cell_one_half  avia-builder-el-last ' ><div class='flex_cell_inner'><p>\n<style type=\"text\/css\" data-created_by=\"avia_inline_auto\" id=\"style-css-av-9cnj7c-d7e67ec317338f2a40e198c65fa534af\">\n#top .av-special-heading.av-9cnj7c-d7e67ec317338f2a40e198c65fa534af{\npadding-bottom:25px;\ncolor:#ffffff;\nfont-size:34px;\n}\nbody .av-special-heading.av-9cnj7c-d7e67ec317338f2a40e198c65fa534af .av-special-heading-tag .heading-char{\nfont-size:25px;\n}\n#top #wrap_all .av-special-heading.av-9cnj7c-d7e67ec317338f2a40e198c65fa534af .av-special-heading-tag{\nfont-size:34px;\n}\n.av-special-heading.av-9cnj7c-d7e67ec317338f2a40e198c65fa534af .special-heading-inner-border{\nborder-color:#ffffff;\n}\n.av-special-heading.av-9cnj7c-d7e67ec317338f2a40e198c65fa534af .av-subheading{\nfont-size:15px;\n}\n\n@media only screen and (min-width: 480px) and (max-width: 767px){ \n#top #wrap_all .av-special-heading.av-9cnj7c-d7e67ec317338f2a40e198c65fa534af .av-special-heading-tag{\nfont-size:0.8em;\n}\n}\n\n@media only screen and (max-width: 479px){ \n#top #wrap_all .av-special-heading.av-9cnj7c-d7e67ec317338f2a40e198c65fa534af .av-special-heading-tag{\nfont-size:0.8em;\n}\n}\n<\/style>\n<div  class='av-special-heading av-9cnj7c-d7e67ec317338f2a40e198c65fa534af av-special-heading-h3 custom-color-heading blockquote modern-quote  avia-builder-el-3  el_before_av_textblock  avia-builder-el-first  av-inherit-size'><h3 class='av-special-heading-tag'  itemprop=\"headline\"  >Cursos Online<\/h3><div class=\"special-heading-border\"><div class=\"special-heading-inner-border\"><\/div><\/div><\/div><br \/>\n\n<style type=\"text\/css\" data-created_by=\"avia_inline_auto\" id=\"style-css-av-95xlbs-25cb147bfb7397ee571b1777b5f6b336\">\n#top .av_textblock_section.av-95xlbs-25cb147bfb7397ee571b1777b5f6b336 .avia_textblock{\ncolor:#ffffff;\n}\n<\/style>\n<section  class='av_textblock_section av-95xlbs-25cb147bfb7397ee571b1777b5f6b336'  itemscope=\"itemscope\" itemtype=\"https:\/\/schema.org\/CreativeWork\" ><div class='avia_textblock av_inherit_color'  itemprop=\"text\" ><p>Uma sele\u00e7\u00e3o dos cursos on-line OPGE mais destacados<\/p>\n<\/div><\/section><\/p>\n<\/div><\/div>\n<\/div><div id='after_grid_row_1'  class='main_color av_default_container_wrap container_wrap sidebar_right'  ><div class='container av-section-cont-open' ><div class='template-page content  av-content-small alpha units'><div class='post-entry post-entry-type-page post-entry-1962'><div class='entry-content-wrapper clearfix'>\n<div class='flex_column av-8tdw0-0e9f2d52d2fc2b964857532aa35538eb av_one_third  avia-builder-el-5  el_after_av_layout_row  el_before_av_two_third  avia-builder-el-first  first flex_column_div '     ><style type=\"text\/css\" data-created_by=\"avia_inline_auto\" id=\"style-css-av-l7p5sfh3-6ff320386e8a42f0aa617b76b2b44c88\">\n.avia-image-container.av-l7p5sfh3-6ff320386e8a42f0aa617b76b2b44c88 img.avia_image{\nbox-shadow:none;\n}\n.avia-image-container.av-l7p5sfh3-6ff320386e8a42f0aa617b76b2b44c88 .av-image-caption-overlay-center{\ncolor:#ffffff;\n}\n<\/style>\n<div  class='avia-image-container av-l7p5sfh3-6ff320386e8a42f0aa617b76b2b44c88 av-styling- avia-align-center  avia-builder-el-6  avia-builder-el-no-sibling '   itemprop=\"image\" itemscope=\"itemscope\" itemtype=\"https:\/\/schema.org\/ImageObject\" ><div class=\"avia-image-container-inner\"><div class=\"avia-image-overlay-wrap\"><img fetchpriority=\"high\" fetchpriority=\"high\" decoding=\"async\" class='wp-image-3274 avia-img-lazy-loading-not-3274 avia_image ' src=\"https:\/\/www.opge.org\/wp-content\/uploads\/2024\/06\/MASLD_2024.jpg\" alt='' title='MASLD_2024'  height=\"400\" width=\"705\"  itemprop=\"thumbnailUrl\" srcset=\"https:\/\/www.opge.org\/wp-content\/uploads\/2024\/06\/MASLD_2024.jpg 705w, https:\/\/www.opge.org\/wp-content\/uploads\/2024\/06\/MASLD_2024-300x170.jpg 300w\" sizes=\"(max-width: 705px) 100vw, 705px\" \/><\/div><\/div><\/div><\/div><div class='flex_column av-323iou-e14253a1846410b7d98bd21bf32f7ac1 av_two_third  avia-builder-el-7  el_after_av_one_third  avia-builder-el-last  flex_column_div '     ><section  class='av_textblock_section av-l7p5u3w6-f13621d778dae9f466014bf3d1bfe053'  itemscope=\"itemscope\" itemtype=\"https:\/\/schema.org\/CreativeWork\" ><div class='avia_textblock'  itemprop=\"text\" ><h3>Curso online MASLD Tratamento abrangente da esteatose hep\u00e1tica: diagn\u00f3stico, tratamento e perspectivas futuras<\/h3>\n<\/div><\/section><br \/>\n<section  class='av_textblock_section av-l7p5v05m-43ca50b71154bafc1a14ac143fff021d'  itemscope=\"itemscope\" itemtype=\"https:\/\/schema.org\/CreativeWork\" ><div class='avia_textblock'  itemprop=\"text\" ><p>2 meses \u2013 13 horas acad\u00eamicas<\/p>\n<p><strong>Objetivo geral<\/strong><\/p>\n<p>\u2013 Fornecer ferramentas de aprendizagem aos especialistas em gastroenterologia para abordar pacientes com MASLD na pr\u00e1tica di\u00e1ria.<br \/>\n\u2013 Atualiza\u00e7\u00e3o sobre o diagn\u00f3stico e tratamento da doen\u00e7a.<\/p>\n<p><a href=\"https:\/\/www.eopge.org\/curso\/curso-online-masld-manejo-integral-de-la-esteatosis-hepatica-diagnostico-tratamiento-y-perspectivas-futura\" target=\"_blank\" rel=\"noopener\"><strong>INSCRI\u00c7\u00d5ES E MAIS INFORMA\u00c7\u00d5ES<\/strong><\/a><\/p>\n<\/div><\/section><\/p><\/div><\/p>\n","protected":false},"excerpt":{"rendered":"","protected":false},"author":1,"featured_media":0,"parent":0,"menu_order":0,"comment_status":"closed","ping_status":"closed","template":"","meta":{"_monsterinsights_skip_tracking":false,"_monsterinsights_sitenote_active":false,"_monsterinsights_sitenote_note":"","_monsterinsights_sitenote_category":0,"footnotes":""},"class_list":["post-1962","page","type-page","status-publish","hentry"],"aioseo_notices":[],"_links":{"self":[{"href":"https:\/\/www.opge.org\/index.php?rest_route=\/wp\/v2\/pages\/1962","targetHints":{"allow":["GET"]}}],"collection":[{"href":"https:\/\/www.opge.org\/index.php?rest_route=\/wp\/v2\/pages"}],"about":[{"href":"https:\/\/www.opge.org\/index.php?rest_route=\/wp\/v2\/types\/page"}],"author":[{"embeddable":true,"href":"https:\/\/www.opge.org\/index.php?rest_route=\/wp\/v2\/users\/1"}],"replies":[{"embeddable":true,"href":"https:\/\/www.opge.org\/index.php?rest_route=%2Fwp%2Fv2%2Fcomments&post=1962"}],"version-history":[{"count":6,"href":"https:\/\/www.opge.org\/index.php?rest_route=\/wp\/v2\/pages\/1962\/revisions"}],"predecessor-version":[{"id":3279,"href":"https:\/\/www.opge.org\/index.php?rest_route=\/wp\/v2\/pages\/1962\/revisions\/3279"}],"wp:attachment":[{"href":"https:\/\/www.opge.org\/index.php?rest_route=%2Fwp%2Fv2%2Fmedia&parent=1962"}],"curies":[{"name":"wp","href":"https:\/\/api.w.org\/{rel}","templated":true}]}}